{"id":19,"date":"2025-05-21T09:12:35","date_gmt":"2025-05-21T07:12:35","guid":{"rendered":"http:\/\/seformerenligne.ipro.irium-software.com\/?page_id=19"},"modified":"2025-05-21T10:46:50","modified_gmt":"2025-05-21T08:46:50","slug":"se-former-sur-locpro","status":"publish","type":"page","link":"https:\/\/seformerenligne.ipro.irium-software.com\/","title":{"rendered":"Se former sur iPro"},"content":{"rendered":"\r\n<div id=\"aiovg-69ece6eb3ddf21\" class=\"aiovg aiovg-categories aiovg-categories-template-grid\">\r\n        \r\n    <div class=\"aiovg-section-categories aiovg-grid aiovg-row\">\r\n                    \r\n            <div class=\"aiovg-item-category aiovg-item-category-27 aiovg-col aiovg-col-3 aiovg-col-xs-2\" data-id=\"27\">\t\t\r\n                <br \/>\n<b>Warning<\/b>:  Undefined array key \"page_category_\" in <b>\/var\/www\/html\/wp-content\/plugins\/all-in-one-video-gallery\/includes\/helpers\/urls.php<\/b> on line <b>30<\/b><br \/>\n\n<div class=\"aiovg-thumbnail\">\n    <a href=\"\/\" class=\"aiovg-responsive-container\" style=\"padding-bottom: 56.25%;\">\n        <img decoding=\"async\" src=\"https:\/\/seformerenligne.ipro.irium-software.com\/wp-content\/uploads\/sites\/3\/2025\/07\/ACHATS-300x169.png\" class=\"aiovg-responsive-element\" alt=\"Achats\" \/>\n    <\/a>\n    \n    <div class=\"aiovg-caption\">\n        <div class=\"aiovg-title\">\n            <a href=\"\/\" class=\"aiovg-link-title\">\n                Achats            <\/a>\n        <\/div>        \n\n                    <div class=\"aiovg-count aiovg-flex aiovg-gap-1 aiovg-items-center aiovg-text-muted aiovg-text-small\">\n                <svg xmlns=\"http:\/\/www.w3.org\/2000\/svg\" fill=\"none\" width=\"16\" height=\"16\" viewBox=\"0 0 24 24\" stroke-width=\"1.5\" stroke=\"currentColor\" class=\"aiovg-flex-shrink-0\">\n                    <path stroke-linecap=\"round\" stroke-linejoin=\"round\" d=\"M21 12a9 9 0 1 1-18 0 9 9 0 0 1 18 0Z\" \/>\n                    <path stroke-linecap=\"round\" stroke-linejoin=\"round\" d=\"M15.91 11.672a.375.375 0 0 1 0 .656l-5.603 3.113a.375.375 0 0 1-.557-.328V8.887c0-.286.307-.466.557-.327l5.603 3.112Z\" \/>\n                <\/svg>\n                11 vid\u00e9os            <\/div>\n         \n        \n            <\/div>            \t\t\t\n<\/div>\t\t\r\n            <\/div> \r\n                    \r\n            <div class=\"aiovg-item-category aiovg-item-category-28 aiovg-col aiovg-col-3 aiovg-col-xs-2\" data-id=\"28\">\t\t\r\n                \n<div class=\"aiovg-thumbnail\">\n    <a href=\"\/\" class=\"aiovg-responsive-container\" style=\"padding-bottom: 56.25%;\">\n        <img decoding=\"async\" src=\"https:\/\/seformerenligne.ipro.irium-software.com\/wp-content\/uploads\/sites\/3\/2025\/07\/iFACTURE-300x169.png\" class=\"aiovg-responsive-element\" alt=\"administratif\" \/>\n    <\/a>\n    \n    <div class=\"aiovg-caption\">\n        <div class=\"aiovg-title\">\n            <a href=\"\/\" class=\"aiovg-link-title\">\n                administratif            <\/a>\n        <\/div>        \n\n                    <div class=\"aiovg-count aiovg-flex aiovg-gap-1 aiovg-items-center aiovg-text-muted aiovg-text-small\">\n                <svg xmlns=\"http:\/\/www.w3.org\/2000\/svg\" fill=\"none\" width=\"16\" height=\"16\" viewBox=\"0 0 24 24\" stroke-width=\"1.5\" stroke=\"currentColor\" class=\"aiovg-flex-shrink-0\">\n                    <path stroke-linecap=\"round\" stroke-linejoin=\"round\" d=\"M21 12a9 9 0 1 1-18 0 9 9 0 0 1 18 0Z\" \/>\n                    <path stroke-linecap=\"round\" stroke-linejoin=\"round\" d=\"M15.91 11.672a.375.375 0 0 1 0 .656l-5.603 3.113a.375.375 0 0 1-.557-.328V8.887c0-.286.307-.466.557-.327l5.603 3.112Z\" \/>\n                <\/svg>\n                7 vid\u00e9os            <\/div>\n         \n        \n            <\/div>            \t\t\t\n<\/div>\t\t\r\n            <\/div> \r\n                    \r\n            <div class=\"aiovg-item-category aiovg-item-category-29 aiovg-col aiovg-col-3 aiovg-col-xs-2\" data-id=\"29\">\t\t\r\n                \n<div class=\"aiovg-thumbnail\">\n    <a href=\"\/\" class=\"aiovg-responsive-container\" style=\"padding-bottom: 56.25%;\">\n        <img decoding=\"async\" src=\"https:\/\/seformerenligne.ipro.irium-software.com\/wp-content\/uploads\/sites\/3\/2025\/07\/ATELIER-300x169.png\" class=\"aiovg-responsive-element\" alt=\"Atelier\" \/>\n    <\/a>\n    \n    <div class=\"aiovg-caption\">\n        <div class=\"aiovg-title\">\n            <a href=\"\/\" class=\"aiovg-link-title\">\n                Atelier            <\/a>\n        <\/div>        \n\n                    <div class=\"aiovg-count aiovg-flex aiovg-gap-1 aiovg-items-center aiovg-text-muted aiovg-text-small\">\n                <svg xmlns=\"http:\/\/www.w3.org\/2000\/svg\" fill=\"none\" width=\"16\" height=\"16\" viewBox=\"0 0 24 24\" stroke-width=\"1.5\" stroke=\"currentColor\" class=\"aiovg-flex-shrink-0\">\n                    <path stroke-linecap=\"round\" stroke-linejoin=\"round\" d=\"M21 12a9 9 0 1 1-18 0 9 9 0 0 1 18 0Z\" \/>\n                    <path stroke-linecap=\"round\" stroke-linejoin=\"round\" d=\"M15.91 11.672a.375.375 0 0 1 0 .656l-5.603 3.113a.375.375 0 0 1-.557-.328V8.887c0-.286.307-.466.557-.327l5.603 3.112Z\" \/>\n                <\/svg>\n                12 vid\u00e9os            <\/div>\n         \n        \n            <\/div>            \t\t\t\n<\/div>\t\t\r\n            <\/div> \r\n                    \r\n            <div class=\"aiovg-item-category aiovg-item-category-30 aiovg-col aiovg-col-3 aiovg-col-xs-2\" data-id=\"30\">\t\t\r\n                \n<div class=\"aiovg-thumbnail\">\n    <a href=\"\/\" class=\"aiovg-responsive-container\" style=\"padding-bottom: 56.25%;\">\n        <img decoding=\"async\" src=\"https:\/\/seformerenligne.ipro.irium-software.com\/wp-content\/uploads\/sites\/3\/2025\/07\/CLIENTS-300x169.png\" class=\"aiovg-responsive-element\" alt=\"Clients\" \/>\n    <\/a>\n    \n    <div class=\"aiovg-caption\">\n        <div class=\"aiovg-title\">\n            <a href=\"\/\" class=\"aiovg-link-title\">\n                Clients            <\/a>\n        <\/div>        \n\n                    <div class=\"aiovg-count aiovg-flex aiovg-gap-1 aiovg-items-center aiovg-text-muted aiovg-text-small\">\n                <svg xmlns=\"http:\/\/www.w3.org\/2000\/svg\" fill=\"none\" width=\"16\" height=\"16\" viewBox=\"0 0 24 24\" stroke-width=\"1.5\" stroke=\"currentColor\" class=\"aiovg-flex-shrink-0\">\n                    <path stroke-linecap=\"round\" stroke-linejoin=\"round\" d=\"M21 12a9 9 0 1 1-18 0 9 9 0 0 1 18 0Z\" \/>\n                    <path stroke-linecap=\"round\" stroke-linejoin=\"round\" d=\"M15.91 11.672a.375.375 0 0 1 0 .656l-5.603 3.113a.375.375 0 0 1-.557-.328V8.887c0-.286.307-.466.557-.327l5.603 3.112Z\" \/>\n                <\/svg>\n                16 vid\u00e9os            <\/div>\n         \n        \n            <\/div>            \t\t\t\n<\/div>\t\t\r\n            <\/div> \r\n                    \r\n            <div class=\"aiovg-item-category aiovg-item-category-31 aiovg-col aiovg-col-3 aiovg-col-xs-2\" data-id=\"31\">\t\t\r\n                \n<div class=\"aiovg-thumbnail\">\n    <a href=\"\/\" class=\"aiovg-responsive-container\" style=\"padding-bottom: 56.25%;\">\n        <img decoding=\"async\" src=\"https:\/\/seformerenligne.ipro.irium-software.com\/wp-content\/uploads\/sites\/3\/2025\/07\/COMPTA-300x169.png\" class=\"aiovg-responsive-element\" alt=\"comptabilit\u00e9\" \/>\n    <\/a>\n    \n    <div class=\"aiovg-caption\">\n        <div class=\"aiovg-title\">\n            <a href=\"\/\" class=\"aiovg-link-title\">\n                comptabilit\u00e9            <\/a>\n        <\/div>        \n\n                    <div class=\"aiovg-count aiovg-flex aiovg-gap-1 aiovg-items-center aiovg-text-muted aiovg-text-small\">\n                <svg xmlns=\"http:\/\/www.w3.org\/2000\/svg\" fill=\"none\" width=\"16\" height=\"16\" viewBox=\"0 0 24 24\" stroke-width=\"1.5\" stroke=\"currentColor\" class=\"aiovg-flex-shrink-0\">\n                    <path stroke-linecap=\"round\" stroke-linejoin=\"round\" d=\"M21 12a9 9 0 1 1-18 0 9 9 0 0 1 18 0Z\" \/>\n                    <path stroke-linecap=\"round\" stroke-linejoin=\"round\" d=\"M15.91 11.672a.375.375 0 0 1 0 .656l-5.603 3.113a.375.375 0 0 1-.557-.328V8.887c0-.286.307-.466.557-.327l5.603 3.112Z\" \/>\n                <\/svg>\n                38 vid\u00e9os            <\/div>\n         \n        \n            <\/div>            \t\t\t\n<\/div>\t\t\r\n            <\/div> \r\n                    \r\n            <div class=\"aiovg-item-category aiovg-item-category-32 aiovg-col aiovg-col-3 aiovg-col-xs-2\" data-id=\"32\">\t\t\r\n                \n<div class=\"aiovg-thumbnail\">\n    <a href=\"\/\" class=\"aiovg-responsive-container\" style=\"padding-bottom: 56.25%;\">\n        <img decoding=\"async\" src=\"https:\/\/seformerenligne.ipro.irium-software.com\/wp-content\/uploads\/sites\/3\/2025\/07\/FOURNISSEURS-300x169.png\" class=\"aiovg-responsive-element\" alt=\"Fournisseurs\" \/>\n    <\/a>\n    \n    <div class=\"aiovg-caption\">\n        <div class=\"aiovg-title\">\n            <a href=\"\/\" class=\"aiovg-link-title\">\n                Fournisseurs            <\/a>\n        <\/div>        \n\n                    <div class=\"aiovg-count aiovg-flex aiovg-gap-1 aiovg-items-center aiovg-text-muted aiovg-text-small\">\n                <svg xmlns=\"http:\/\/www.w3.org\/2000\/svg\" fill=\"none\" width=\"16\" height=\"16\" viewBox=\"0 0 24 24\" stroke-width=\"1.5\" stroke=\"currentColor\" class=\"aiovg-flex-shrink-0\">\n                    <path stroke-linecap=\"round\" stroke-linejoin=\"round\" d=\"M21 12a9 9 0 1 1-18 0 9 9 0 0 1 18 0Z\" \/>\n                    <path stroke-linecap=\"round\" stroke-linejoin=\"round\" d=\"M15.91 11.672a.375.375 0 0 1 0 .656l-5.603 3.113a.375.375 0 0 1-.557-.328V8.887c0-.286.307-.466.557-.327l5.603 3.112Z\" \/>\n                <\/svg>\n                9 vid\u00e9os            <\/div>\n         \n        \n            <\/div>            \t\t\t\n<\/div>\t\t\r\n            <\/div> \r\n                    \r\n            <div class=\"aiovg-item-category aiovg-item-category-33 aiovg-col aiovg-col-3 aiovg-col-xs-2\" data-id=\"33\">\t\t\r\n                \n<div class=\"aiovg-thumbnail\">\n    <a href=\"\/\" class=\"aiovg-responsive-container\" style=\"padding-bottom: 56.25%;\">\n        <img decoding=\"async\" src=\"https:\/\/seformerenligne.ipro.irium-software.com\/wp-content\/uploads\/sites\/3\/2025\/07\/generalite-300x169.png\" class=\"aiovg-responsive-element\" alt=\"G\u00e9n\u00e9ralit\u00e9s\" \/>\n    <\/a>\n    \n    <div class=\"aiovg-caption\">\n        <div class=\"aiovg-title\">\n            <a href=\"\/\" class=\"aiovg-link-title\">\n                G\u00e9n\u00e9ralit\u00e9s            <\/a>\n        <\/div>        \n\n                    <div class=\"aiovg-count aiovg-flex aiovg-gap-1 aiovg-items-center aiovg-text-muted aiovg-text-small\">\n                <svg xmlns=\"http:\/\/www.w3.org\/2000\/svg\" fill=\"none\" width=\"16\" height=\"16\" viewBox=\"0 0 24 24\" stroke-width=\"1.5\" stroke=\"currentColor\" class=\"aiovg-flex-shrink-0\">\n                    <path stroke-linecap=\"round\" stroke-linejoin=\"round\" d=\"M21 12a9 9 0 1 1-18 0 9 9 0 0 1 18 0Z\" \/>\n                    <path stroke-linecap=\"round\" stroke-linejoin=\"round\" d=\"M15.91 11.672a.375.375 0 0 1 0 .656l-5.603 3.113a.375.375 0 0 1-.557-.328V8.887c0-.286.307-.466.557-.327l5.603 3.112Z\" \/>\n                <\/svg>\n                2 vid\u00e9os            <\/div>\n         \n        \n            <\/div>            \t\t\t\n<\/div>\t\t\r\n            <\/div> \r\n                    \r\n            <div class=\"aiovg-item-category aiovg-item-category-40 aiovg-col aiovg-col-3 aiovg-col-xs-2\" data-id=\"40\">\t\t\r\n                \n<div class=\"aiovg-thumbnail\">\n    <a href=\"\/\" class=\"aiovg-responsive-container\" style=\"padding-bottom: 56.25%;\">\n        <img decoding=\"async\" src=\"https:\/\/seformerenligne.ipro.irium-software.com\/wp-content\/uploads\/sites\/3\/2025\/12\/Capture-decran-2025-12-11-151530-300x170.jpg\" class=\"aiovg-responsive-element\" alt=\"Interfaces\" \/>\n    <\/a>\n    \n    <div class=\"aiovg-caption\">\n        <div class=\"aiovg-title\">\n            <a href=\"\/\" class=\"aiovg-link-title\">\n                Interfaces            <\/a>\n        <\/div>        \n\n                    <div class=\"aiovg-count aiovg-flex aiovg-gap-1 aiovg-items-center aiovg-text-muted aiovg-text-small\">\n                <svg xmlns=\"http:\/\/www.w3.org\/2000\/svg\" fill=\"none\" width=\"16\" height=\"16\" viewBox=\"0 0 24 24\" stroke-width=\"1.5\" stroke=\"currentColor\" class=\"aiovg-flex-shrink-0\">\n                    <path stroke-linecap=\"round\" stroke-linejoin=\"round\" d=\"M21 12a9 9 0 1 1-18 0 9 9 0 0 1 18 0Z\" \/>\n                    <path stroke-linecap=\"round\" stroke-linejoin=\"round\" d=\"M15.91 11.672a.375.375 0 0 1 0 .656l-5.603 3.113a.375.375 0 0 1-.557-.328V8.887c0-.286.307-.466.557-.327l5.603 3.112Z\" \/>\n                <\/svg>\n                12 vid\u00e9os            <\/div>\n         \n        \n            <\/div>            \t\t\t\n<\/div>\t\t\r\n            <\/div> \r\n                    \r\n            <div class=\"aiovg-item-category aiovg-item-category-34 aiovg-col aiovg-col-3 aiovg-col-xs-2\" data-id=\"34\">\t\t\r\n                \n<div class=\"aiovg-thumbnail\">\n    <a href=\"\/\" class=\"aiovg-responsive-container\" style=\"padding-bottom: 56.25%;\">\n        <img decoding=\"async\" src=\"https:\/\/seformerenligne.ipro.irium-software.com\/wp-content\/uploads\/sites\/3\/2025\/07\/MATERIELS-300x169.png\" class=\"aiovg-responsive-element\" alt=\"Mat\u00e9riels\" \/>\n    <\/a>\n    \n    <div class=\"aiovg-caption\">\n        <div class=\"aiovg-title\">\n            <a href=\"\/\" class=\"aiovg-link-title\">\n                Mat\u00e9riels            <\/a>\n        <\/div>        \n\n                    <div class=\"aiovg-count aiovg-flex aiovg-gap-1 aiovg-items-center aiovg-text-muted aiovg-text-small\">\n                <svg xmlns=\"http:\/\/www.w3.org\/2000\/svg\" fill=\"none\" width=\"16\" height=\"16\" viewBox=\"0 0 24 24\" stroke-width=\"1.5\" stroke=\"currentColor\" class=\"aiovg-flex-shrink-0\">\n                    <path stroke-linecap=\"round\" stroke-linejoin=\"round\" d=\"M21 12a9 9 0 1 1-18 0 9 9 0 0 1 18 0Z\" \/>\n                    <path stroke-linecap=\"round\" stroke-linejoin=\"round\" d=\"M15.91 11.672a.375.375 0 0 1 0 .656l-5.603 3.113a.375.375 0 0 1-.557-.328V8.887c0-.286.307-.466.557-.327l5.603 3.112Z\" \/>\n                <\/svg>\n                4 vid\u00e9os            <\/div>\n         \n        \n            <\/div>            \t\t\t\n<\/div>\t\t\r\n            <\/div> \r\n                    \r\n            <div class=\"aiovg-item-category aiovg-item-category-35 aiovg-col aiovg-col-3 aiovg-col-xs-2\" data-id=\"35\">\t\t\r\n                \n<div class=\"aiovg-thumbnail\">\n    <a href=\"\/\" class=\"aiovg-responsive-container\" style=\"padding-bottom: 56.25%;\">\n        <img decoding=\"async\" src=\"https:\/\/seformerenligne.ipro.irium-software.com\/wp-content\/uploads\/sites\/3\/2025\/07\/PARAMETRAGE-300x169.png\" class=\"aiovg-responsive-element\" alt=\"Param\u00e9trage\" \/>\n    <\/a>\n    \n    <div class=\"aiovg-caption\">\n        <div class=\"aiovg-title\">\n            <a href=\"\/\" class=\"aiovg-link-title\">\n                Param\u00e9trage            <\/a>\n        <\/div>        \n\n                    <div class=\"aiovg-count aiovg-flex aiovg-gap-1 aiovg-items-center aiovg-text-muted aiovg-text-small\">\n                <svg xmlns=\"http:\/\/www.w3.org\/2000\/svg\" fill=\"none\" width=\"16\" height=\"16\" viewBox=\"0 0 24 24\" stroke-width=\"1.5\" stroke=\"currentColor\" class=\"aiovg-flex-shrink-0\">\n                    <path stroke-linecap=\"round\" stroke-linejoin=\"round\" d=\"M21 12a9 9 0 1 1-18 0 9 9 0 0 1 18 0Z\" \/>\n                    <path stroke-linecap=\"round\" stroke-linejoin=\"round\" d=\"M15.91 11.672a.375.375 0 0 1 0 .656l-5.603 3.113a.375.375 0 0 1-.557-.328V8.887c0-.286.307-.466.557-.327l5.603 3.112Z\" \/>\n                <\/svg>\n                13 vid\u00e9os            <\/div>\n         \n        \n            <\/div>            \t\t\t\n<\/div>\t\t\r\n            <\/div> \r\n                    \r\n            <div class=\"aiovg-item-category aiovg-item-category-36 aiovg-col aiovg-col-3 aiovg-col-xs-2\" data-id=\"36\">\t\t\r\n                \n<div class=\"aiovg-thumbnail\">\n    <a href=\"\/\" class=\"aiovg-responsive-container\" style=\"padding-bottom: 56.25%;\">\n        <img decoding=\"async\" src=\"https:\/\/seformerenligne.ipro.irium-software.com\/wp-content\/uploads\/sites\/3\/2025\/07\/PIECES-300x169.png\" class=\"aiovg-responsive-element\" alt=\"Pi\u00e8ces\" \/>\n    <\/a>\n    \n    <div class=\"aiovg-caption\">\n        <div class=\"aiovg-title\">\n            <a href=\"\/\" class=\"aiovg-link-title\">\n                Pi\u00e8ces            <\/a>\n        <\/div>        \n\n                    <div class=\"aiovg-count aiovg-flex aiovg-gap-1 aiovg-items-center aiovg-text-muted aiovg-text-small\">\n                <svg xmlns=\"http:\/\/www.w3.org\/2000\/svg\" fill=\"none\" width=\"16\" height=\"16\" viewBox=\"0 0 24 24\" stroke-width=\"1.5\" stroke=\"currentColor\" class=\"aiovg-flex-shrink-0\">\n                    <path stroke-linecap=\"round\" stroke-linejoin=\"round\" d=\"M21 12a9 9 0 1 1-18 0 9 9 0 0 1 18 0Z\" \/>\n                    <path stroke-linecap=\"round\" stroke-linejoin=\"round\" d=\"M15.91 11.672a.375.375 0 0 1 0 .656l-5.603 3.113a.375.375 0 0 1-.557-.328V8.887c0-.286.307-.466.557-.327l5.603 3.112Z\" \/>\n                <\/svg>\n                14 vid\u00e9os            <\/div>\n         \n        \n            <\/div>            \t\t\t\n<\/div>\t\t\r\n            <\/div> \r\n                    \r\n            <div class=\"aiovg-item-category aiovg-item-category-39 aiovg-col aiovg-col-3 aiovg-col-xs-2\" data-id=\"39\">\t\t\r\n                \n<div class=\"aiovg-thumbnail\">\n    <a href=\"\/\" class=\"aiovg-responsive-container\" style=\"padding-bottom: 56.25%;\">\n        <img decoding=\"async\" src=\"https:\/\/seformerenligne.ipro.irium-software.com\/wp-content\/uploads\/sites\/3\/2025\/07\/REPORTING-300x169.png\" class=\"aiovg-responsive-element\" alt=\"Statistiques\" \/>\n    <\/a>\n    \n    <div class=\"aiovg-caption\">\n        <div class=\"aiovg-title\">\n            <a href=\"\/\" class=\"aiovg-link-title\">\n                Statistiques            <\/a>\n        <\/div>        \n\n                    <div class=\"aiovg-count aiovg-flex aiovg-gap-1 aiovg-items-center aiovg-text-muted aiovg-text-small\">\n                <svg xmlns=\"http:\/\/www.w3.org\/2000\/svg\" fill=\"none\" width=\"16\" height=\"16\" viewBox=\"0 0 24 24\" stroke-width=\"1.5\" stroke=\"currentColor\" class=\"aiovg-flex-shrink-0\">\n                    <path stroke-linecap=\"round\" stroke-linejoin=\"round\" d=\"M21 12a9 9 0 1 1-18 0 9 9 0 0 1 18 0Z\" \/>\n                    <path stroke-linecap=\"round\" stroke-linejoin=\"round\" d=\"M15.91 11.672a.375.375 0 0 1 0 .656l-5.603 3.113a.375.375 0 0 1-.557-.328V8.887c0-.286.307-.466.557-.327l5.603 3.112Z\" \/>\n                <\/svg>\n                6 vid\u00e9os            <\/div>\n         \n        \n            <\/div>            \t\t\t\n<\/div>\t\t\r\n            <\/div> \r\n                    \r\n            <div class=\"aiovg-item-category aiovg-item-category-38 aiovg-col aiovg-col-3 aiovg-col-xs-2\" data-id=\"38\">\t\t\r\n                \n<div class=\"aiovg-thumbnail\">\n    <a href=\"\/\" class=\"aiovg-responsive-container\" style=\"padding-bottom: 56.25%;\">\n        <img decoding=\"async\" src=\"https:\/\/seformerenligne.ipro.irium-software.com\/wp-content\/uploads\/sites\/3\/2025\/07\/ACHATS-300x169.png\" class=\"aiovg-responsive-element\" alt=\"Stock\" \/>\n    <\/a>\n    \n    <div class=\"aiovg-caption\">\n        <div class=\"aiovg-title\">\n            <a href=\"\/\" class=\"aiovg-link-title\">\n                Stock            <\/a>\n        <\/div>        \n\n                    <div class=\"aiovg-count aiovg-flex aiovg-gap-1 aiovg-items-center aiovg-text-muted aiovg-text-small\">\n                <svg xmlns=\"http:\/\/www.w3.org\/2000\/svg\" fill=\"none\" width=\"16\" height=\"16\" viewBox=\"0 0 24 24\" stroke-width=\"1.5\" stroke=\"currentColor\" class=\"aiovg-flex-shrink-0\">\n                    <path stroke-linecap=\"round\" stroke-linejoin=\"round\" d=\"M21 12a9 9 0 1 1-18 0 9 9 0 0 1 18 0Z\" \/>\n                    <path stroke-linecap=\"round\" stroke-linejoin=\"round\" d=\"M15.91 11.672a.375.375 0 0 1 0 .656l-5.603 3.113a.375.375 0 0 1-.557-.328V8.887c0-.286.307-.466.557-.327l5.603 3.112Z\" \/>\n                <\/svg>\n                8 vid\u00e9os            <\/div>\n         \n        \n            <\/div>            \t\t\t\n<\/div>\t\t\r\n            <\/div> \r\n                    \r\n            <div class=\"aiovg-item-category aiovg-item-category-37 aiovg-col aiovg-col-3 aiovg-col-xs-2\" data-id=\"37\">\t\t\r\n                \n<div class=\"aiovg-thumbnail\">\n    <a href=\"\/\" class=\"aiovg-responsive-container\" style=\"padding-bottom: 56.25%;\">\n        <img decoding=\"async\" src=\"https:\/\/seformerenligne.ipro.irium-software.com\/wp-content\/uploads\/sites\/3\/2025\/07\/MAGASIN-300x169.png\" class=\"aiovg-responsive-element\" alt=\"ventes\" \/>\n    <\/a>\n    \n    <div class=\"aiovg-caption\">\n        <div class=\"aiovg-title\">\n            <a href=\"\/\" class=\"aiovg-link-title\">\n                ventes            <\/a>\n        <\/div>        \n\n                    <div class=\"aiovg-count aiovg-flex aiovg-gap-1 aiovg-items-center aiovg-text-muted aiovg-text-small\">\n                <svg xmlns=\"http:\/\/www.w3.org\/2000\/svg\" fill=\"none\" width=\"16\" height=\"16\" viewBox=\"0 0 24 24\" stroke-width=\"1.5\" stroke=\"currentColor\" class=\"aiovg-flex-shrink-0\">\n                    <path stroke-linecap=\"round\" stroke-linejoin=\"round\" d=\"M21 12a9 9 0 1 1-18 0 9 9 0 0 1 18 0Z\" \/>\n                    <path stroke-linecap=\"round\" stroke-linejoin=\"round\" d=\"M15.91 11.672a.375.375 0 0 1 0 .656l-5.603 3.113a.375.375 0 0 1-.557-.328V8.887c0-.286.307-.466.557-.327l5.603 3.112Z\" \/>\n                <\/svg>\n                12 vid\u00e9os            <\/div>\n         \n        \n            <\/div>            \t\t\t\n<\/div>\t\t\r\n            <\/div> \r\n            <\/div>\r\n\r\n    <\/div>\n","protected":false},"excerpt":{"rendered":"","protected":false},"author":1,"featured_media":0,"parent":0,"menu_order":0,"comment_status":"closed","ping_status":"closed","template":"","meta":{"footnotes":""},"class_list":["post-19","page","type-page","status-publish","hentry"],"_links":{"self":[{"href":"https:\/\/seformerenligne.ipro.irium-software.com\/index.php?rest_route=\/wp\/v2\/pages\/19","targetHints":{"allow":["GET"]}}],"collection":[{"href":"https:\/\/seformerenligne.ipro.irium-software.com\/index.php?rest_route=\/wp\/v2\/pages"}],"about":[{"href":"https:\/\/seformerenligne.ipro.irium-software.com\/index.php?rest_route=\/wp\/v2\/types\/page"}],"author":[{"embeddable":true,"href":"https:\/\/seformerenligne.ipro.irium-software.com\/index.php?rest_route=\/wp\/v2\/users\/1"}],"replies":[{"embeddable":true,"href":"https:\/\/seformerenligne.ipro.irium-software.com\/index.php?rest_route=%2Fwp%2Fv2%2Fcomments&post=19"}],"version-history":[{"count":3,"href":"https:\/\/seformerenligne.ipro.irium-software.com\/index.php?rest_route=\/wp\/v2\/pages\/19\/revisions"}],"predecessor-version":[{"id":51,"href":"https:\/\/seformerenligne.ipro.irium-software.com\/index.php?rest_route=\/wp\/v2\/pages\/19\/revisions\/51"}],"wp:attachment":[{"href":"https:\/\/seformerenligne.ipro.irium-software.com\/index.php?rest_route=%2Fwp%2Fv2%2Fmedia&parent=19"}],"curies":[{"name":"wp","href":"https:\/\/api.w.org\/{rel}","templated":true}]}}